{"id":85741,"date":"2026-04-22T11:00:19","date_gmt":"2026-04-22T10:00:19","guid":{"rendered":"https:\/\/www.ebilet.pl\/now\/?page_id=85741"},"modified":"2026-04-29T10:25:49","modified_gmt":"2026-04-29T09:25:49","slug":"dolacz-do-smart-weeks","status":"publish","type":"page","link":"https:\/\/www.ebilet.pl\/now\/kampania\/dolacz-do-smart-weeks\/","title":{"rendered":"Do\u0142\u0105cz do Smart Weeks"},"content":{"rendered":"<section class=\"gap-block  section-margin-40 section-margin-40\"><\/section>\n\n\n<section class=\"text-block  section-margin-56\" >\n    <div class=\"container\">\n        <div class=\"row\">\n            <div class=\"col-24\">\n                <div class=\"text-block__content\"><h1><span style=\"color: #ffffff;\"><b>Smart! Weeks na eBilet! <\/b><b>Nie przegap okazji na wi\u0119ksz\u0105 sprzeda\u017c!<\/b><\/span><\/h1>\n<h3><span style=\"font-weight: 400; color: #ffffff;\">Przygotuj si\u0119 na jedno z najwi\u0119kszych zakupowych wydarze\u0144 roku \u2013 Smart! Weeks na eBilet! To doskona\u0142a okazja, by zwi\u0119kszy\u0107 widoczno\u015b\u0107 swoich wydarze\u0144 i przyci\u0105gn\u0105\u0107 nowych klient\u00f3w, kt\u00f3rzy szukaj\u0105 atrakcyjnych ofert. Wystarczy, \u017ce zaoferujesz zni\u017cki na bilety, a my zadbamy o promocj\u0119. Kampania rusza ju\u017c 11.05 i potrwa do 20.05.<\/span><\/h3>\n<\/div>\n            <\/div>\n        <\/div>\n    <\/div>\n<\/section>\n\n\n<section class=\"text-image-block  section-margin-32\" >\n    <div class=\"container\">\n        <div class=\"row\">\n            <div class=\"col-lg-12\">\n                <div class=\"text-image-block__content\"><h2><span style=\"color: #ffffff;\"><b><span style=\"font-weight: 400;\">\u2714 <\/span>Dlaczego warto do\u0142\u0105czy\u0107 do Smart! Weeks?<\/b><\/span><\/h2>\n<p><span style=\"font-weight: 400; color: #ffffff;\"><span style=\"font-weight: 400;\"><strong>\u2192 <\/strong><\/span>Miliony u\u017cytkownik\u00f3w Allegro Smart! \u2013 skorzystaj z gotowej bazy klient\u00f3w szukaj\u0105cych najlepszych okazji.<\/span><\/p>\n<p><span style=\"font-weight: 400; color: #ffffff;\"><span style=\"font-weight: 400;\"><strong>\u2192 <\/strong><\/span>Zwi\u0119kszona sprzeda\u017c \u2013 w ubieg\u0142ym roku akcje rabatowe na eBilet przynios\u0142y wzrost sprzeda\u017cy bilet\u00f3w o 45%!<\/span><\/p>\n<p><span style=\"font-weight: 400; color: #ffffff;\"><span style=\"font-weight: 400;\"><strong>\u2192 <\/strong><\/span>Dodatkowa promocja \u2013 Twoje wydarzenie mo\u017ce znale\u017a\u0107 si\u0119 w specjalnych kampaniach marketingowych.<\/span><\/p>\n<p>&nbsp;<\/p>\n<h2><span style=\"color: #ffffff;\"><b><span style=\"font-weight: 400;\">\u2714 <\/span><\/b><b>Jak do\u0142\u0105czy\u0107 do akcji?<\/b><\/span><\/h2>\n<p><span style=\"color: #ffffff;\"><span style=\"font-weight: 400;\">To\u00a0 proste! \u017beby do\u0142\u0105czy\u0107 wystarczy wype\u0142ni\u0107 poni\u017cszy formularz zg\u0142oszeniowy. Masz na to czas do <\/span><strong>5 maja do godziny 14:00<\/strong><span style=\"font-weight: 400;\">. <\/span><\/span><\/p>\n<h4><span style=\"color: #ffffff;\"><strong><span style=\"text-decoration: underline;\">Zni\u017cki na bilety b\u0119d\u0105 obowi\u0105zywa\u0107 od 11.05, godz. 12:00 do 20.05 do godz. 23:59.<\/span> <\/strong><\/span><\/h4>\n<p>&nbsp;<\/p>\n<p><span style=\"color: #ffffff;\"><b><span style=\"font-weight: 400;\">\u2714 <\/span>Rekomendacje dla zg\u0142osze\u0144:<\/b><\/span><\/p>\n<p><span style=\"font-weight: 400; color: #ffffff;\"><strong>\u2192<\/strong>\u00a0Zwiedzanie, Targi, Wystawy, Teatry, Wydarzenia dla dzieci, Klasyka \u2013 <strong>maks. 20 najbli\u017cszych termin\u00f3w po 20 maja.<\/strong><\/span><\/p>\n<p><span style=\"font-weight: 400; color: #ffffff;\"><strong>\u2192<\/strong> Koncerty, Sport, Widowiska \u2013 <strong>zg\u0142aszaj wydarzenia po 20 maja 2026.<\/strong><\/span><\/p>\n<p>&nbsp;<\/p>\n<p><span style=\"font-weight: 400; color: #ffffff;\">Dzi\u0119ki temu klienci zyskaj\u0105 dost\u0119p do najbardziej aktualnych dat, co u\u0142atwi im planowanie i prze\u0142o\u017cy si\u0119 na lepsz\u0105 sprzeda\u017c nadchodz\u0105cych wydarze\u0144. <\/span><\/p>\n<p><span style=\"font-weight: 400; color: #ffffff;\">Wype\u0142nij formularz i do\u0142\u0105cz do <strong>Smart! Weeks!\u00a0<\/strong><\/span><\/p>\n<\/div>\n            <\/div>\n            <div class=\"col-lg-12\">\n                <div class=\"text-image-block__image\">\n                                            <div class=\"text-image-block__imageImg\">\n                            <img loading=\"lazy\" decoding=\"async\" width=\"1080\" height=\"1350\" src=\"https:\/\/www.ebilet.pl\/now\/app\/uploads\/2026\/04\/1080x1350.webp\" class=\"attachment-full size-full\" alt=\"\" srcset=\"https:\/\/www.ebilet.pl\/now\/app\/uploads\/2026\/04\/1080x1350.webp 1080w, https:\/\/www.ebilet.pl\/now\/app\/uploads\/2026\/04\/1080x1350-819x1024.webp 819w, https:\/\/www.ebilet.pl\/now\/app\/uploads\/2026\/04\/1080x1350-500x625.webp 500w, https:\/\/www.ebilet.pl\/now\/app\/uploads\/2026\/04\/1080x1350-632x790.webp 632w\" sizes=\"(max-width: 1080px) 100vw, 1080px\" \/>                        <\/div>\n                                                        <\/div>\n            <\/div>\n        <\/div>\n    <\/div>\n<\/section>\n\n<script src=\"https:\/\/www.google.com\/recaptcha\/api.js\"><\/script>\n\n<section class=\"salesforce-form  section-margin-32\" data-salesforce-form  >\n    <div class=\"container w-100\">\n        <div class=\"row row--header\">\n            <div class=\"salesforce-form__header f-700\"><\/div>\n            <div class=\"salesforce-form__description f-700\">Wype\u0142nij formularz i do\u0142\u0105cz do Black Weeks<\/div>\n        <\/div>\n        <div class=\"row\">\n            <div class=\"col-sm-24 col-lg-16\">\n                <div class=\"salesforce-form__wrapper\">\n                                                                    <!--  ----------------------------------------------------------------------  -->\n                        <!--  NOTE: Please add the following <META> element to your page <HEAD>.      -->\n                        <!--  If necessary, please modify the charset parameter to specify the        -->\n                        <!--  character set of your HTML page.                                        -->\n                        <!--  ----------------------------------------------------------------------  -->\n                        <!--  ----------------------------------------------------------------------  -->\n                        <!--  NOTE: Please add the following <FORM> element to your page.             -->\n                        <!--  ----------------------------------------------------------------------  -->\n                                                <form action=\"https:\/\/webto.salesforce.com\/servlet\/servlet.WebToCase?encoding=UTF-8&#038;orgId=00D09000007FdWC\" method=\"POST\" class=\"form-container \">\n                            <input type=hidden name=\"retURL\" value=\"https:\/\/www.ebilet.pl\/now\/kampania\/dolacz-do-smart-weeks\/?success=1\">\n                            <input type=hidden name='captcha_settings' value='{\"keyname\":\"eBiletBlogWspolpraca\",\"fallback\":\"true\",\"orgId\":\"00D09000007FdWC\",\"ts\":\"\"}'>\n\n                                                                                            <div \n                                    class=\"salesforce-form__input-wrapper input-field form-group  text\"\n                                    style=\"\"\n                                >\n                                    \n                                                                            <input\n                                                                                        id=\"organiser\"\n                                                                                                                                    maxlength=\"255\"\n                                                                                                                                    name=\"Organiser__c\"\n                                                                                                                                    type=\"text\"\n                                                                                                                                                                                required placeholder=\"Nazwa organizatora\"  \/>\n                                                                    <\/div>\n\n                                                                                            <div \n                                    class=\"salesforce-form__input-wrapper input-field form-group  text\"\n                                    style=\"\"\n                                >\n                                    \n                                                                            <input\n                                                                                        id=\"eventName\"\n                                                                                                                                    maxlength=\"255\"\n                                                                                                                                    name=\"EventName__c\"\n                                                                                                                                    type=\"text\"\n                                                                                                                                    required                                                                                        oninput=\"updateSubjectField()\" placeholder=\"Nazwa wydarzenia\"  \/>\n                                                                    <\/div>\n\n                                                                                            <div \n                                    class=\"salesforce-form__input-wrapper input-field form-group  email\"\n                                    style=\"\"\n                                >\n                                    \n                                                                            <input\n                                                                                        id=\"email\"\n                                                                                                                                    maxlength=\"40\"\n                                                                                                                                    name=\"email\"\n                                                                                                                                    type=\"email\"\n                                                                                                                                                                                required placeholder=\"E-mail\"  \/>\n                                                                    <\/div>\n\n                                                                                            <div \n                                    class=\"salesforce-form__input-wrapper input-field form-group  text\"\n                                    style=\"\"\n                                >\n                                    \n                                                                            <input\n                                                                                        id=\"discountedDatesAndLocations\"\n                                                                                                                                    maxlength=\"32768\"\n                                                                                                                                    name=\"Discounted_Dates_And_Locations__c\"\n                                                                                                                                    type=\"text\"\n                                                                                                                                                                                required placeholder=\"Jakich lokalizacji oraz termin\u00f3w dotyczy zni\u017cka?\"  \/>\n                                                                    <\/div>\n\n                                                                                            <div \n                                    class=\"salesforce-form__input-wrapper input-field form-group  phone\"\n                                    style=\"\"\n                                >\n                                    \n                                                                            <input\n                                                                                        id=\"phone\"\n                                                                                                                                    maxlength=\"40\"\n                                                                                                                                    name=\"phone\"\n                                                                                                                                    type=\"phone\"\n                                                                                                                                                                                required placeholder=\"Telefon\"  \/>\n                                                                    <\/div>\n\n                                                                                            <div \n                                    class=\"salesforce-form__input-wrapper input-field form-group  number\"\n                                    style=\"\"\n                                >\n                                    \n                                                                            <input\n                                                                                        id=\"discount\"\n                                                                                                                                    maxlength=\"20\"\n                                                                                                                                    name=\"Discount__c\"\n                                                                                                                                    type=\"number\"\n                                                                                                                                    pattern=\"^(?:[1-9]\\d+|[1-9]\\d{2,})$\"\n                                                                                                                                    title=\"Wpisz wy\u0142\u0105cznie warto\u015b\u0107 w formie liczby. Minimalna warto\u015b\u0107 zni\u017cki to 10!\"\n                                                                                        required placeholder=\"Wysoko\u015b\u0107 zni\u017cki (%)\"  \/>\n                                                                    <\/div>\n\n                                                                                            <div \n                                    class=\"salesforce-form__input-wrapper input-field form-group full-width textarea\"\n                                    style=\"\"\n                                >\n                                    \n                                                                            <textarea\n                                                                                        name=\"description\"\n                                                                                                                                    id=\"description\"\n                                                                                                                                    rows=\"5\"\n                                                                                                                                                                                                                                                                        placeholder=\"Pozycja z cennika przeznaczona do zni\u017cki (kategoria\/typ biletu)\"                                             style=\"resize: none; min-height: 120px;\"\n                                        ><\/textarea>\n                                                                    <\/div>\n\n                                                                                            <div \n                                    class=\"salesforce-form__input-wrapper input-field form-group  hidden\"\n                                    style=\"display:none;\"\n                                >\n                                    \n                                                                            <input \n                                            type=\"hidden\"\n                                            name=\"orgid\"\n                                            value=\"00D09000007FdWC\"\n                                                                                    >\n                                                                    <\/div>\n\n                                                                                            <div \n                                    class=\"salesforce-form__input-wrapper input-field form-group  hidden\"\n                                    style=\"display:none;\"\n                                >\n                                    \n                                                                            <input \n                                            type=\"hidden\"\n                                            name=\"subject\"\n                                            value=\"Black Weeks 2025\"\n                                                                                    >\n                                                                    <\/div>\n\n                                                                                            <div \n                                    class=\"salesforce-form__input-wrapper input-field form-group  hidden\"\n                                    style=\"display:none;\"\n                                >\n                                    \n                                                                            <input \n                                            type=\"hidden\"\n                                            name=\"recordType\"\n                                            value=\"01209000000B28KAAS\"\n                                                                                    >\n                                                                    <\/div>\n\n                                                                                            <div \n                                    class=\"salesforce-form__input-wrapper input-field form-group  hidden\"\n                                    style=\"display:none;\"\n                                >\n                                    \n                                                                            <input \n                                            type=\"hidden\"\n                                            name=\"Category__c\"\n                                            value=\"Deal Zone\"\n                                                                                    >\n                                                                    <\/div>\n\n                                                        <div class=\"form-submit\">\n                                <button\n                                    type=\"submit\"\n                                    class=\"g-recaptcha\"\n                                    data-sitekey=\"6Lftrz0sAAAAABqK1Ziq271KR58t6ej9dAoxl2W8\"\n                                    data-callback=\"onSubmit\"\n                                    data-action=\"submit\"\n                                >\n                                    Wy\u015blij formularz\n                                <\/button>\n                            <\/div>\n\n                            <script>\n                                function validateSalesforcePatternField(field) {\n                                    if (!field) {\n                                        return true;\n                                    }\n\n                                    field.setCustomValidity('');\n\n                                    const pattern = field.dataset.pattern;\n\n                                    if (!pattern || field.value.trim() === '') {\n                                        return true;\n                                    }\n\n                                    try {\n                                        const regex = new RegExp(`^(?:${pattern})$`);\n                                        const isValid = regex.test(field.value);\n\n                                        if (!isValid) {\n                                            field.setCustomValidity(field.getAttribute('title') || 'Niepoprawny format pola.');\n                                        }\n\n                                        return isValid;\n                                    } catch (error) {\n                                        return true;\n                                    }\n                                }\n\n                                function validateSalesforceForm(form) {\n                                    if (!form) {\n                                        return false;\n                                    }\n\n                                    form.querySelectorAll('[data-pattern]').forEach(validateSalesforcePatternField);\n\n                                    const isValid = form.checkValidity();\n\n                                    if (!isValid) {\n                                        form.reportValidity();\n                                    }\n\n                                    return isValid;\n                                }\n\n                                function onSubmit(token) {\n                                    const form = window.salesforceRecaptchaForm || document.querySelector('.form-container');\n\n                                    if (!validateSalesforceForm(form)) {\n                                        if (typeof grecaptcha !== 'undefined' && typeof grecaptcha.reset === 'function') {\n                                            grecaptcha.reset();\n                                        }\n\n                                        return;\n                                    }\n\n                                    HTMLFormElement.prototype.submit.call(form);\n                                }\n                            <\/script>\n\n                        <\/form>\n                        <script>\n                            function timestamp() {\n                                var response = document.getElementById(\"g-recaptcha-response\");\n                                if (response ===  null || response.value.trim() === \"\") {\n                                    var elems = JSON.parse(document.getElementsByName(\"captcha_settings\")[0].value);\n                                    elems[\"ts\"] = JSON.stringify(new Date().getTime());\n                                    document.getElementsByName(\"captcha_settings\")[0].value = JSON.stringify(elems);\n                                }\n                            }\n                            setInterval(timestamp, 500);\n                        <\/script>\n                        <script>\n                            document.addEventListener('DOMContentLoaded', formDocumentReady);\n\n                            function formDocumentReady() {\n                                const forms = document.querySelectorAll('.form-container');\n\n                                forms.forEach(function(form) {\n                                    const recaptchaButton = form.querySelector('.g-recaptcha');\n\n                                    if (recaptchaButton) {\n                                        recaptchaButton.addEventListener('click', function() {\n                                            window.salesforceRecaptchaForm = form;\n                                        });\n                                    }\n\n                                    form.querySelectorAll('[data-pattern]').forEach(function(field) {\n                                        ['input', 'change'].forEach(function(eventName) {\n                                            field.addEventListener(eventName, function() {\n                                                validateSalesforcePatternField(field);\n                                            });\n                                        });\n                                    });\n                                });\n\n                                const queryString = window.location.search;\n                                const urlParams = new URLSearchParams(queryString);\n                                const success = urlParams.get('success');\n\n                                if (success && success === '1') {\n                                    const salesforceSection = document.querySelector('.salesforce-form');\n                                    if (salesforceSection) {\n                                        salesforceSection.scrollIntoView({ behavior: \"smooth\" });\n                                    }\n                                }\n                            }\n                        <\/script>\n                                    <\/div>\n            <\/div>\n        <\/div>\n    <\/div>\n<\/section>\n\n\n<body style=\"background-color:#422779\">\n\n<script>\nfunction updateSubjestField() {\nvar eventName = document.getElementById('eventName').value;\nvar subjectField = document.getElementById('SubjectField');\nsubjectField.value = eventName + ' - Strefa Okazji';\n}\n<\/script>\n","protected":false},"excerpt":{"rendered":"","protected":false},"author":2,"featured_media":0,"parent":47615,"menu_order":0,"comment_status":"closed","ping_status":"closed","template":"page-templates\/gutenberg-hero.php","meta":{"_acf_changed":false,"footnotes":""},"article_tag":[],"acf":[],"_links":{"self":[{"href":"https:\/\/www.ebilet.pl\/now\/wp-json\/wp\/v2\/pages\/85741"}],"collection":[{"href":"https:\/\/www.ebilet.pl\/now\/wp-json\/wp\/v2\/pages"}],"about":[{"href":"https:\/\/www.ebilet.pl\/now\/wp-json\/wp\/v2\/types\/page"}],"author":[{"embeddable":true,"href":"https:\/\/www.ebilet.pl\/now\/wp-json\/wp\/v2\/users\/2"}],"replies":[{"embeddable":true,"href":"https:\/\/www.ebilet.pl\/now\/wp-json\/wp\/v2\/comments?post=85741"}],"version-history":[{"count":2,"href":"https:\/\/www.ebilet.pl\/now\/wp-json\/wp\/v2\/pages\/85741\/revisions"}],"predecessor-version":[{"id":86266,"href":"https:\/\/www.ebilet.pl\/now\/wp-json\/wp\/v2\/pages\/85741\/revisions\/86266"}],"up":[{"embeddable":true,"href":"https:\/\/www.ebilet.pl\/now\/wp-json\/wp\/v2\/pages\/47615"}],"wp:attachment":[{"href":"https:\/\/www.ebilet.pl\/now\/wp-json\/wp\/v2\/media?parent=85741"}],"wp:term":[{"taxonomy":"article_tag","embeddable":true,"href":"https:\/\/www.ebilet.pl\/now\/wp-json\/wp\/v2\/article_tag?post=85741"}],"curies":[{"name":"wp","href":"https:\/\/api.w.org\/{rel}","templated":true}]}}