{"id":74775,"date":"2025-12-16T13:26:42","date_gmt":"2025-12-16T12:26:42","guid":{"rendered":"https:\/\/www.ebilet.pl\/now\/?page_id=74775"},"modified":"2026-01-28T17:56:33","modified_gmt":"2026-01-28T16:56:33","slug":"2026tttour","status":"publish","type":"page","link":"https:\/\/www.ebilet.pl\/now\/kampania\/2026tttour\/","title":{"rendered":"2026 \u2020\u2020\u2020our &#8211; Taco Hemingway"},"content":{"rendered":"<section class=\"gap-block  section-margin-40 section-margin-40\"><\/section>\n\n\n<section class=\"wp-block-columns is-layout-flex wp-container-core-columns-is-layout-1 wp-block-columns-is-layout-flex\">\n<div class=\"wp-block-column is-layout-flow wp-block-column-is-layout-flow\"><\/div>\n\n\n\n<div class=\"wp-block-column is-layout-flow wp-block-column-is-layout-flow\" style=\"flex-basis:1000px\">\n<section class=\"image-block  section-margin-32\" >\n        <div class=\"container\">\n        <div class=\"row\">\n            <div class=\"col-24\">\n                                <div class=\"image-block__container\">\n                    <div class=\"image-block__wrapper\"><img loading=\"lazy\" decoding=\"async\" width=\"1920\" height=\"1627\" src=\"https:\/\/www.ebilet.pl\/now\/app\/uploads\/2025\/12\/1920x1920-logo-tour-transparent-2.webp\" class=\"attachment-full size-full\" alt=\"\" srcset=\"https:\/\/www.ebilet.pl\/now\/app\/uploads\/2025\/12\/1920x1920-logo-tour-transparent-2.webp 1920w, https:\/\/www.ebilet.pl\/now\/app\/uploads\/2025\/12\/1920x1920-logo-tour-transparent-2-1024x868.webp 1024w, https:\/\/www.ebilet.pl\/now\/app\/uploads\/2025\/12\/1920x1920-logo-tour-transparent-2-1536x1302.webp 1536w, https:\/\/www.ebilet.pl\/now\/app\/uploads\/2025\/12\/1920x1920-logo-tour-transparent-2-1280x1085.webp 1280w, https:\/\/www.ebilet.pl\/now\/app\/uploads\/2025\/12\/1920x1920-logo-tour-transparent-2-500x424.webp 500w, https:\/\/www.ebilet.pl\/now\/app\/uploads\/2025\/12\/1920x1920-logo-tour-transparent-2-632x536.webp 632w\" sizes=\"(max-width: 1920px) 100vw, 1920px\" \/><\/div>\n                                    <\/div>\n                            <\/div>\n        <\/div>\n    <\/div>\n<\/section><\/div>\n\n\n\n<div class=\"wp-block-column is-layout-flow wp-block-column-is-layout-flow\"><\/div>\n<\/section>\n\n\n<section class=\"gap-block  section-margin-32 section-margin-32\"><\/section>\n\n\n<section class=\"text-block  section-margin-40\" id=\"opis\" >\n    <div class=\"container\">\n        <div class=\"row\">\n            <div class=\"col-24\">\n                <div class=\"text-block__content\"><h1 style=\"text-align: center;\"><span style=\"color: #a7950c;\"><a style=\"color: #a7950c;\" href=\"#nowy\"><i><span style=\"font-weight: 400;\">Dodatkowy termin &#8211; 22.05.2026 &#8211; PGE Narodowy, Warszawa<\/span><\/i><\/a><\/span><\/h1>\n<h2 style=\"text-align: center;\"><span style=\"color: #a7950c;\"><i><span style=\"font-weight: 400;\">Dwa akty i suplement.<\/span><\/i><\/span><\/h2>\n<h2 style=\"text-align: center;\"><span style=\"color: #a7950c;\"><i><span style=\"font-weight: 400;\">2026 \u2020\u2020\u2020OUR to koncert, audycja, a mo\u017ce spektakl?<\/span><\/i><\/span><\/h2>\n<h2 style=\"text-align: center;\"><span style=\"color: #a7950c;\"><i><span style=\"font-weight: 400;\">Tego nie wiadomo dok\u0142adnie, ale jedno jest pewne &#8211; Taco Hemingway zaprasza na spotkania na \u017cywo w maju, w Polsce.<\/span><\/i><\/span><\/h2>\n<\/div>\n            <\/div>\n        <\/div>\n    <\/div>\n<\/section>\n\n\n<section class=\"image-block  section-margin-40\" id=\"belka\" >\n        <div class=\"container\">\n        <div class=\"row\">\n            <div class=\"col-24\">\n                                <div class=\"image-block__container\">\n                    <div class=\"image-block__wrapper\"><img loading=\"lazy\" decoding=\"async\" width=\"1280\" height=\"200\" src=\"https:\/\/www.ebilet.pl\/now\/app\/uploads\/2025\/12\/1280x200-banner-wroclaw-soldout.webp\" class=\"attachment-full size-full\" alt=\"\" srcset=\"https:\/\/www.ebilet.pl\/now\/app\/uploads\/2025\/12\/1280x200-banner-wroclaw-soldout.webp 1280w, https:\/\/www.ebilet.pl\/now\/app\/uploads\/2025\/12\/1280x200-banner-wroclaw-soldout-1024x160.webp 1024w, https:\/\/www.ebilet.pl\/now\/app\/uploads\/2025\/12\/1280x200-banner-wroclaw-soldout-500x78.webp 500w, https:\/\/www.ebilet.pl\/now\/app\/uploads\/2025\/12\/1280x200-banner-wroclaw-soldout-632x99.webp 632w\" sizes=\"(max-width: 1280px) 100vw, 1280px\" \/><\/div>\n                                    <\/div>\n                            <\/div>\n        <\/div>\n    <\/div>\n<\/section>\n\n\n<section class=\"image-block  section-margin-40\" id=\"belka\" >\n        <div class=\"image-block__link\">\n        <a href=\"https:\/\/www.ebilet.pl\/muzyka\/hip-hop-rap\/taco-hemingway?partner=revolume&#038;city=Wroc\u0142aw\"><\/a>\n    <\/div>\n        <div class=\"container\">\n        <div class=\"row\">\n            <div class=\"col-24\">\n                                <div class=\"image-block__container\">\n                    <div class=\"image-block__wrapper\"><img loading=\"lazy\" decoding=\"async\" width=\"1280\" height=\"200\" src=\"https:\/\/www.ebilet.pl\/now\/app\/uploads\/2025\/12\/1280x200-banner-wroclaw-DRUGA-DATA-SOLDOUT.png\" class=\"attachment-full size-full\" alt=\"\" srcset=\"https:\/\/www.ebilet.pl\/now\/app\/uploads\/2025\/12\/1280x200-banner-wroclaw-DRUGA-DATA-SOLDOUT.png 1280w, https:\/\/www.ebilet.pl\/now\/app\/uploads\/2025\/12\/1280x200-banner-wroclaw-DRUGA-DATA-SOLDOUT-1024x160.png 1024w, https:\/\/www.ebilet.pl\/now\/app\/uploads\/2025\/12\/1280x200-banner-wroclaw-DRUGA-DATA-SOLDOUT-500x78.png 500w, https:\/\/www.ebilet.pl\/now\/app\/uploads\/2025\/12\/1280x200-banner-wroclaw-DRUGA-DATA-SOLDOUT-632x99.png 632w\" sizes=\"(max-width: 1280px) 100vw, 1280px\" \/><\/div>\n                                    <\/div>\n                            <\/div>\n        <\/div>\n    <\/div>\n<\/section>\n\n\n<section class=\"image-block  section-margin-40\" id=\"belka\" >\n        <div class=\"container\">\n        <div class=\"row\">\n            <div class=\"col-24\">\n                                <div class=\"image-block__container\">\n                    <div class=\"image-block__wrapper\"><img loading=\"lazy\" decoding=\"async\" width=\"1280\" height=\"200\" src=\"https:\/\/www.ebilet.pl\/now\/app\/uploads\/2025\/12\/1280x200-banner-gdansk-soldout.webp\" class=\"attachment-full size-full\" alt=\"\" srcset=\"https:\/\/www.ebilet.pl\/now\/app\/uploads\/2025\/12\/1280x200-banner-gdansk-soldout.webp 1280w, https:\/\/www.ebilet.pl\/now\/app\/uploads\/2025\/12\/1280x200-banner-gdansk-soldout-1024x160.webp 1024w, https:\/\/www.ebilet.pl\/now\/app\/uploads\/2025\/12\/1280x200-banner-gdansk-soldout-500x78.webp 500w, https:\/\/www.ebilet.pl\/now\/app\/uploads\/2025\/12\/1280x200-banner-gdansk-soldout-632x99.webp 632w\" sizes=\"(max-width: 1280px) 100vw, 1280px\" \/><\/div>\n                                    <\/div>\n                            <\/div>\n        <\/div>\n    <\/div>\n<\/section>\n\n\n<section class=\"image-block  section-margin-40\" id=\"belka\" >\n        <div class=\"image-block__link\">\n        <a href=\"https:\/\/www.ebilet.pl\/muzyka\/hip-hop-rap\/taco-hemingway?partner=revolume&#038;city=Gda\u0144sk%2FSopot\"><\/a>\n    <\/div>\n        <div class=\"container\">\n        <div class=\"row\">\n            <div class=\"col-24\">\n                                <div class=\"image-block__container\">\n                    <div class=\"image-block__wrapper\"><img loading=\"lazy\" decoding=\"async\" width=\"1280\" height=\"200\" src=\"https:\/\/www.ebilet.pl\/now\/app\/uploads\/2025\/12\/1280x200-banner-gdansk-DRUGA-DATA-SOLDOUT.png\" class=\"attachment-full size-full\" alt=\"\" srcset=\"https:\/\/www.ebilet.pl\/now\/app\/uploads\/2025\/12\/1280x200-banner-gdansk-DRUGA-DATA-SOLDOUT.png 1280w, https:\/\/www.ebilet.pl\/now\/app\/uploads\/2025\/12\/1280x200-banner-gdansk-DRUGA-DATA-SOLDOUT-1024x160.png 1024w, https:\/\/www.ebilet.pl\/now\/app\/uploads\/2025\/12\/1280x200-banner-gdansk-DRUGA-DATA-SOLDOUT-500x78.png 500w, https:\/\/www.ebilet.pl\/now\/app\/uploads\/2025\/12\/1280x200-banner-gdansk-DRUGA-DATA-SOLDOUT-632x99.png 632w\" sizes=\"(max-width: 1280px) 100vw, 1280px\" \/><\/div>\n                                    <\/div>\n                            <\/div>\n        <\/div>\n    <\/div>\n<\/section>\n\n\n<section class=\"image-block  section-margin-40\" id=\"nowy\" >\n        <div class=\"image-block__link\">\n        <a href=\"https:\/\/www.ebilet.pl\/muzyka\/hip-hop-rap\/taco-hemingway?partner=revolume&#038;city=Warszawa\"><\/a>\n    <\/div>\n        <div class=\"container\">\n        <div class=\"row\">\n            <div class=\"col-24\">\n                                <div class=\"image-block__container\">\n                    <div class=\"image-block__wrapper\"><img loading=\"lazy\" decoding=\"async\" width=\"1280\" height=\"200\" src=\"https:\/\/www.ebilet.pl\/now\/app\/uploads\/2026\/01\/belka-druga-data-bilety.png\" class=\"attachment-full size-full\" alt=\"\" srcset=\"https:\/\/www.ebilet.pl\/now\/app\/uploads\/2026\/01\/belka-druga-data-bilety.png 1280w, https:\/\/www.ebilet.pl\/now\/app\/uploads\/2026\/01\/belka-druga-data-bilety-1024x160.png 1024w, https:\/\/www.ebilet.pl\/now\/app\/uploads\/2026\/01\/belka-druga-data-bilety-500x78.png 500w, https:\/\/www.ebilet.pl\/now\/app\/uploads\/2026\/01\/belka-druga-data-bilety-632x99.png 632w\" sizes=\"(max-width: 1280px) 100vw, 1280px\" \/><\/div>\n                                    <\/div>\n                            <\/div>\n        <\/div>\n    <\/div>\n<\/section>\n\n\n<section class=\"image-block  section-margin-40\" id=\"belka\" >\n        <div class=\"image-block__link\">\n        <a href=\"https:\/\/www.ebilet.pl\/muzyka\/hip-hop-rap\/taco-hemingway?partner=revolume&#038;city=Warszawa\"><\/a>\n    <\/div>\n        <div class=\"container\">\n        <div class=\"row\">\n            <div class=\"col-24\">\n                                <div class=\"image-block__container\">\n                    <div class=\"image-block__wrapper\"><img loading=\"lazy\" decoding=\"async\" width=\"1280\" height=\"200\" src=\"https:\/\/www.ebilet.pl\/now\/app\/uploads\/2025\/12\/1280x200-banner-wwa-1.webp\" class=\"attachment-full size-full\" alt=\"\" srcset=\"https:\/\/www.ebilet.pl\/now\/app\/uploads\/2025\/12\/1280x200-banner-wwa-1.webp 1280w, https:\/\/www.ebilet.pl\/now\/app\/uploads\/2025\/12\/1280x200-banner-wwa-1-1024x160.webp 1024w, https:\/\/www.ebilet.pl\/now\/app\/uploads\/2025\/12\/1280x200-banner-wwa-1-500x78.webp 500w, https:\/\/www.ebilet.pl\/now\/app\/uploads\/2025\/12\/1280x200-banner-wwa-1-632x99.webp 632w\" sizes=\"(max-width: 1280px) 100vw, 1280px\" \/><\/div>\n                                    <\/div>\n                            <\/div>\n        <\/div>\n    <\/div>\n<\/section>\n\n\n<section class=\"image-block  section-margin-40\" id=\"belka\" >\n        <div class=\"container\">\n        <div class=\"row\">\n            <div class=\"col-24\">\n                                <div class=\"image-block__container\">\n                    <div class=\"image-block__wrapper\"><img loading=\"lazy\" decoding=\"async\" width=\"1280\" height=\"200\" src=\"https:\/\/www.ebilet.pl\/now\/app\/uploads\/2025\/12\/1280x200-banner-krk-soldout.webp\" class=\"attachment-full size-full\" alt=\"\" srcset=\"https:\/\/www.ebilet.pl\/now\/app\/uploads\/2025\/12\/1280x200-banner-krk-soldout.webp 1280w, https:\/\/www.ebilet.pl\/now\/app\/uploads\/2025\/12\/1280x200-banner-krk-soldout-1024x160.webp 1024w, https:\/\/www.ebilet.pl\/now\/app\/uploads\/2025\/12\/1280x200-banner-krk-soldout-500x78.webp 500w, https:\/\/www.ebilet.pl\/now\/app\/uploads\/2025\/12\/1280x200-banner-krk-soldout-632x99.webp 632w\" sizes=\"(max-width: 1280px) 100vw, 1280px\" \/><\/div>\n                                    <\/div>\n                            <\/div>\n        <\/div>\n    <\/div>\n<\/section>\n\n\n<section class=\"image-block  section-margin-40\" id=\"belka\" >\n        <div class=\"image-block__link\">\n        <a href=\"https:\/\/www.ebilet.pl\/muzyka\/hip-hop-rap\/taco-hemingway?partner=revolume&#038;city=Krak\u00f3w\"><\/a>\n    <\/div>\n        <div class=\"container\">\n        <div class=\"row\">\n            <div class=\"col-24\">\n                                <div class=\"image-block__container\">\n                    <div class=\"image-block__wrapper\"><img loading=\"lazy\" decoding=\"async\" width=\"1280\" height=\"200\" src=\"https:\/\/www.ebilet.pl\/now\/app\/uploads\/2025\/12\/1280x200-banner-krk-DRUGA-DATA-SLDOUT.png\" class=\"attachment-full size-full\" alt=\"\" srcset=\"https:\/\/www.ebilet.pl\/now\/app\/uploads\/2025\/12\/1280x200-banner-krk-DRUGA-DATA-SLDOUT.png 1280w, https:\/\/www.ebilet.pl\/now\/app\/uploads\/2025\/12\/1280x200-banner-krk-DRUGA-DATA-SLDOUT-1024x160.png 1024w, https:\/\/www.ebilet.pl\/now\/app\/uploads\/2025\/12\/1280x200-banner-krk-DRUGA-DATA-SLDOUT-500x78.png 500w, https:\/\/www.ebilet.pl\/now\/app\/uploads\/2025\/12\/1280x200-banner-krk-DRUGA-DATA-SLDOUT-632x99.png 632w\" sizes=\"(max-width: 1280px) 100vw, 1280px\" \/><\/div>\n                                    <\/div>\n                            <\/div>\n        <\/div>\n    <\/div>\n<\/section>\n\n<section class=\"gap-block  section-margin-56 section-margin-56\"><\/section>\n\n\n<section class=\"text-block  section-margin-56\" id=\"opis\" >\n    <div class=\"container\">\n        <div class=\"row\">\n            <div class=\"col-24\">\n                <div class=\"text-block__content\"><h3><span style=\"font-weight: 400; color: #a7950c;\"><strong>Taco <span style=\"color: #a7950c;\">Hemingway <\/span><\/strong><\/span><span style=\"color: #a7950c;\"><i><span style=\"font-weight: 400;\">\u2020\u2020\u2020<\/span><\/i><\/span><span style=\"font-weight: 400; color: #a7950c;\"><strong>our 2026 \u2013 najcz\u0119\u015bciej zadawane pytania i zasady uczestnictwa<\/strong> <\/span><\/h3>\n<p><span style=\"font-weight: 400; color: #a7950c;\">Po nabyciu biletu osoby kupuj\u0105ce otrzymaj\u0105 potwierdzenie transakcji. Bilety zostan\u0105 wygenerowane i wys\u0142ane na adres podany podczas sk\u0142adania zam\u00f3wienia do 30 dni przed dat\u0105 wydarzenia.<\/span><\/p>\n<p><span style=\"color: #a7950c;\"><b>\u00a0Limit zakupu na u\u017cytkownika<\/b><span style=\"font-weight: 400;\">: 8 sztuk.<\/span><\/span><\/p>\n<p><span style=\"color: #a7950c;\"><b>Wszystkie bilety s\u0105 personalizowane <\/b><span style=\"font-weight: 400;\">&#8211; oznacza to, \u017ce podczas sk\u0142adania zam\u00f3wienia nale\u017cy obowi\u0105zkowo poda\u0107<\/span><b> imi\u0119 i nazwisko ka\u017cdego uczestnika<\/b><span style=\"font-weight: 400;\">. Imi\u0119 i nazwisko ka\u017cdego z uczestnik\u00f3w koncertu zostanie wydrukowane na bilecie. Bilety b\u0119d\u0105 sprawdzane przy wej\u015bciu na koncert, aby por\u00f3wna\u0107, czy dane zamieszczone na bilecie odpowiadaj\u0105 danym zawartym w dokumencie to\u017csamo\u015bci uczestnika. Mo\u017cliwa b\u0119dzie zmiana danych na bilecie &#8211; op\u0142ata za ni\u0105 to 50 z\u0142\/bilet.<\/span><\/span><\/p>\n<p><span style=\"font-weight: 400; color: #a7950c;\">Wysy\u0142ka bilet\u00f3w nast\u0105pi w kwietniu 2026 &#8211; dopiero wtedy b\u0119dzie mo\u017cliwa zmiana danych na bilecie.<\/span><\/p>\n<p><span style=\"font-weight: 400; color: #a7950c;\">\u2212 Osoby, kt\u00f3re nie uko\u0144czy\u0142y 16 roku \u017cycia mog\u0105 uczestniczy\u0107 w wydarzeniu tylko pod opiek\u0105 rodzica, opiekuna prawnego lub upowa\u017cnionej pisemnie przez rodzica lub opiekuna prawnego osoby pe\u0142noletniej.<\/span><\/p>\n<p><span style=\"color: #a7950c;\"><span style=\"font-weight: 400;\">&#8211; <\/span><span style=\"font-weight: 400;\">Nie rekomendujemy zabierania dzieci poni\u017cej 7-go roku \u017cycia na p\u0142yt\u0119.<\/span><\/span><\/p>\n<p><span style=\"color: #a7950c;\"><span style=\"font-weight: 400;\">\u2212 Osoby ma\u0142oletnie pomi\u0119dzy 16 a 18 rokiem \u017cycia mog\u0105 samodzielnie uczestniczy\u0107 w koncercie pod warunkiem okazania na wej\u015bciu na wydarzenie czytelnie wype\u0142nionego i podpisanego przez rodzic\u00f3w lub opiekun\u00f3w prawnych formularza zgody. Wz\u00f3r formularza zgody dost\u0119pny jest na stronie: <\/span><a style=\"color: #a7950c;\" href=\"https:\/\/www.revolume.pl\/documents\/pisemna-zgoda--oswiadczenie-rodzicow-opiekunow.pdf\" rel=\"nofollow noopener\" target=\"_blank\"><b>Formularz zgody<\/b><\/a><\/span><\/p>\n<p><span style=\"color: #a7950c;\"><span style=\"font-weight: 400;\">\u2212 Zar\u00f3wno osoba z niepe\u0142nosprawno\u015bci\u0105, jak i jej opiekun lub osoba towarzysz\u0105ca, musz\u0105 zakupi\u0107 bilet na wydarzenie. W celu zakupu biletu dla OzN prosimy o kontakt poprzez formularz kontaktowy:\u00a0 <\/span><a style=\"color: #a7950c;\" href=\"https:\/\/www.ebilet.pl\/kontakt\"><b>formularz kontaktowy<\/b><\/a><span style=\"font-weight: 400;\">. Nale\u017cy mie\u0107 przy sobie dokument potwierdzaj\u0105cy status OzN (legitymacja lub orzeczenie z dokumentem ze zdj\u0119ciem potwierdzaj\u0105cym to\u017csamo\u015b\u0107).<\/span><\/span><\/p>\n<p><span style=\"font-weight: 400; color: #a7950c;\">\u2212 Ka\u017cdy uczestnik wydarzenia (Zar\u00f3wno OzN jak i Opiekun) musi posiada\u0107 wa\u017cny bilet.<\/span><\/p>\n<p>&nbsp;<\/p>\n<p><span style=\"color: #a7950c;\"><span style=\"font-weight: 400;\">Pe\u0142na tre\u015b\u0107 regulaminu dost\u0119pna jest do pobrania pod tym linkiem: <\/span><a style=\"color: #a7950c;\" href=\"https:\/\/www.ebilet.pl\/now\/app\/uploads\/2025\/09\/Regulamin_Revolume_AK_-1.pdf\"><b>Regulamin<\/b><\/a><\/span><\/p>\n<\/div>\n            <\/div>\n        <\/div>\n    <\/div>\n<\/section>\n\n<section class=\"gap-block  section-margin-40 section-margin-40\"><\/section>\n\n\n<style>\n\nbody {\n  background-image: url('https:\/\/www.ebilet.pl\/now\/app\/uploads\/2025\/12\/1920x1080-background.webp');\n  background-repeat: no-repeat;\n  background-attachment: fixed;\n  background-size: cover;\n  }\n\n.banner__bg::before { \n    display: none;\n}\n.banner__bg::after {\n    display: none;\n}\n\n.social-widget {\n    display: none;\n  }\n#opis .text-block__content {\n  border: 2px solid #A7950C;\n  border-radius: 16px;\npadding: 16px 16px;\n}\n\n\n#belka .container .row .col-24 .image-block__container {\n  border: 2px solid #A7950C;\n  border-radius: 16px;\n}\n#nowy .container .row .col-24 .image-block__container {\n  border: 2px solid #A7950C;\n  border-radius: 16px;\n}\n<\/style>\n","protected":false},"excerpt":{"rendered":"","protected":false},"author":2,"featured_media":0,"parent":47615,"menu_order":0,"comment_status":"closed","ping_status":"closed","template":"page-templates\/gutenberg-hero.php","meta":{"_acf_changed":false,"footnotes":""},"article_tag":[],"acf":[],"_links":{"self":[{"href":"https:\/\/www.ebilet.pl\/now\/wp-json\/wp\/v2\/pages\/74775"}],"collection":[{"href":"https:\/\/www.ebilet.pl\/now\/wp-json\/wp\/v2\/pages"}],"about":[{"href":"https:\/\/www.ebilet.pl\/now\/wp-json\/wp\/v2\/types\/page"}],"author":[{"embeddable":true,"href":"https:\/\/www.ebilet.pl\/now\/wp-json\/wp\/v2\/users\/2"}],"replies":[{"embeddable":true,"href":"https:\/\/www.ebilet.pl\/now\/wp-json\/wp\/v2\/comments?post=74775"}],"version-history":[{"count":4,"href":"https:\/\/www.ebilet.pl\/now\/wp-json\/wp\/v2\/pages\/74775\/revisions"}],"predecessor-version":[{"id":83546,"href":"https:\/\/www.ebilet.pl\/now\/wp-json\/wp\/v2\/pages\/74775\/revisions\/83546"}],"up":[{"embeddable":true,"href":"https:\/\/www.ebilet.pl\/now\/wp-json\/wp\/v2\/pages\/47615"}],"wp:attachment":[{"href":"https:\/\/www.ebilet.pl\/now\/wp-json\/wp\/v2\/media?parent=74775"}],"wp:term":[{"taxonomy":"article_tag","embeddable":true,"href":"https:\/\/www.ebilet.pl\/now\/wp-json\/wp\/v2\/article_tag?post=74775"}],"curies":[{"name":"wp","href":"https:\/\/api.w.org\/{rel}","templated":true}]}}