{"id":64781,"date":"2025-08-29T12:54:26","date_gmt":"2025-08-29T11:54:26","guid":{"rendered":"https:\/\/www.ebilet.pl\/now\/?page_id=64781"},"modified":"2025-10-28T10:28:10","modified_gmt":"2025-10-28T09:28:10","slug":"tribute-to-joka","status":"publish","type":"page","link":"https:\/\/www.ebilet.pl\/now\/kampania\/tribute-to-joka\/","title":{"rendered":"Tribute to Joka"},"content":{"rendered":"<section class=\"gap-block  section-margin-56 section-margin-56\"><\/section>\n\n\n<section  class=\"countdown  section-margin-32\">\n    <div class=\"container\">\n\n        <div class=\"row\">\n\n            <div class=\"col-24 countdown-wrapper\" style=\"background-image: url('https:\/\/www.ebilet.pl\/now\/app\/uploads\/2025\/08\/Zrzut-ekranu-2025-08-29-o-14.09.19.png')\">\n                <div class=\"countdown__text\">\n                                            <h2 class=\"countdown__text-header f-700\" style=\"color: #ffc700\" >Do startu sprzeda\u017cy pozosta\u0142o:<\/h2>\n                    \n                    \n                <\/div>\n                <div class=\"countdown__counter f-500\" id=\"counter\">\n                    <div class=\"countdown__counter-wrapper\">\n                        <div class=\"number-wrapper\">\n                            <div id=\"days\" style=\"background-image: url('https:\/\/www.ebilet.pl\/now\/app\/uploads\/2025\/08\/Zrzut-ekranu-2025-08-29-o-14.09.19.png')\"><\/div>\n                        <\/div>\n                        <div class=\"countdown__counter-label\" id=\"days-label\" style=\"color: #ffc700\" >dni<\/div>\n                    <\/div>\n                    <div class=\"countdown__counter-wrapper\">\n                        <div class=\"number-wrapper\">\n                            <div id=\"hours\" style=\"background-image: url('https:\/\/www.ebilet.pl\/now\/app\/uploads\/2025\/08\/Zrzut-ekranu-2025-08-29-o-14.09.19.png')\"><\/div>\n                        <\/div>\n                        <div class=\"countdown__counter-label\" id=\"hours-label\" style=\"color: #ffc700\" >godziny<\/div>\n                    <\/div>\n                    <div class=\"countdown__counter-wrapper\">\n                        <div class=\"number-wrapper\">\n                            <div id=\"minutes\" style=\"background-image: url('https:\/\/www.ebilet.pl\/now\/app\/uploads\/2025\/08\/Zrzut-ekranu-2025-08-29-o-14.09.19.png')\"><\/div>\n                        <\/div>\n                        <div class=\"countdown__counter-label\" id=\"minutes-label\" style=\"color: #ffc700\" >minuty<\/div>\n                    <\/div>\n                    <div class=\"countdown__counter-wrapper\">\n                        <div class=\"number-wrapper\">\n                            <div id=\"seconds\" style=\"background-image: url('https:\/\/www.ebilet.pl\/now\/app\/uploads\/2025\/08\/Zrzut-ekranu-2025-08-29-o-14.09.19.png')\"><\/div>\n                        <\/div>\n                        <div class=\"countdown__counter-label\" id=\"seconds-label\" style=\"color: #ffc700\" >sekundy<\/div>\n                    <\/div>\n                <\/div>\n                                    <a href=\"#bilety\" class=\"button button--theme-primary-yellow\">\n                        Sprawd\u017a bilety tutaj!                    <\/a>\n                \n                <script>\n                    let acfDateTime = \"2025-09-08 13:00:00\";\n                    let acfTimestamp = new Date(acfDateTime).getTime();\n                    let endInfo = \"Sprzeda\u017c rozpocz\u0119ta!\"\n\n                    const countdown = setInterval(() => {\n                        const now = new Date().getTime();\n                        const timeLeft = acfTimestamp - now;\n\n                        if (timeLeft > 0) {\n                            let days = Math.floor(timeLeft \/ (1000 * 60 * 60 * 24));\n                            let hours = Math.floor((timeLeft % (1000 * 60 * 60 * 24)) \/ (1000 * 60 * 60));\n                            let minutes = Math.floor((timeLeft % (1000 * 60 * 60)) \/ (1000 * 60));\n                            let seconds = Math.floor((timeLeft % (1000 * 60)) \/ 1000);\n\n                            document.getElementById(\"days\").textContent = String(days).padStart(2, '0');\n                            document.getElementById(\"hours\").textContent = String(hours).padStart(2, '0');\n                            document.getElementById(\"minutes\").textContent = String(minutes).padStart(2, '0');\n                            document.getElementById(\"seconds\").textContent = String(seconds).padStart(2, '0');\n\n                            document.getElementById(\"days-label\").textContent = `${getDayLabel(days)}`;\n                            document.getElementById(\"hours-label\").textContent = `${getHourLabel(hours)}`;\n                            document.getElementById(\"minutes-label\").textContent = `${getMinuteLabel(minutes)}`;\n                            document.getElementById(\"seconds-label\").textContent = `${getSecondLabel(seconds)}`;\n                        } else {\n                            clearInterval(countdown);\n                            document.querySelector(\".countdown__counter\").innerHTML = \"<h3>\" + endInfo + \"<\/h3>\";\n                        }\n                    }, 1000);\n\n                    function getLabel(value, singular, few, plural) {\n                        if (value === 1) {\n                            return singular;\n                        }\n\n                        if (value % 100 >= 12 && value % 100 <= 14) {\n                            return plural;\n                        }\n\n                        switch (value % 10) {\n                            case 2:\n                            case 3:\n                            case 4:\n                                return few;\n                            default:\n                                return plural;\n                        }\n                    }\n\n                    function getDayLabel(days) {\n                        return getLabel(days, \"dzie\u0144\", \"dni\", \"dni\");\n                    }\n\n                    function getHourLabel(hours) {\n                        return getLabel(hours, \"godzina\", \"godziny\", \"godzin\");\n                    }\n\n                    function getMinuteLabel(minutes) {\n                        return getLabel(minutes, \"minuta\", \"minuty\", \"minut\");\n                    }\n\n                    function getSecondLabel(seconds) {\n                        return getLabel(seconds, \"sekunda\", \"sekundy\", \"sekund\");\n                    }\n                <\/script>\n\n            <\/div>\n        <\/div>\n    <\/div>\n<\/section>\n\n\n<section class=\"text-image-block  section-margin-32\" >\n    <div class=\"container\">\n        <div class=\"row\">\n            <div class=\"col-lg-12\">\n                <div class=\"text-image-block__content\"><h2 style=\"text-align: center;\"><span style=\"color: #ffc700;\">Tribute to Joka, Kaliber 44<br \/>\n7.02.2026, Spodek, Katowice\u00a0<\/span><\/h2>\n<p class=\"p1\"><span style=\"color: #e0e0e0;\"><span class=\"s1\">To b\u0119dzie w<\/span>yj\u0105tkowy koncert podczas kt\u00f3rego razem z przyjaci\u00f3\u0142mi oraz artystami oddamy ho\u0142d <strong>Joce<\/strong>, wsp\u00f3\u0142za\u0142o\u017cycielowi <strong>Kaliber 44<\/strong>, legendzie i pionierowi polskiego hip-hopu, kt\u00f3ry odszed\u0142 przedwcze\u015bnie w maju 2025.\u00a0<\/span><\/p>\n<p class=\"p1\"><span style=\"color: #e0e0e0;\">To b\u0119dzie dla nas wszystkich <strong>emocjonalna\u00a0podr\u00f3\u017c<\/strong>. Podczas po\u017cegnalnego koncertu w Spodku rymy <strong>Joki<\/strong>, za kt\u00f3re go kochamy zn\u00f3w wybrzmi\u0105 ze sceny.<\/span><\/p>\n<p class=\"p1\"><span style=\"color: #e0e0e0;\"><strong>Joka<\/strong> to jeden z najbardziej charakterystycznych g\u0142os\u00f3w w polskim hip-hopie, kto nie zna jego: \u201c<b>Normalnie o tej porze\u201d, &#8220;Gdzie jest <\/b><strong>Joka<\/strong><b>, gdzie jest Joka, Znik\u0142 !\u201d<\/b> czy \u201c<b>Ja zaczynam, oto moja kabina\u201d <\/b>?<\/span><\/p>\n<p class=\"p1\"><span style=\"color: #e0e0e0;\">Przez \u015brodowisko muzyczne\u00a0by\u0142 powa\u017cany za sw\u00f3j bezkompromisowy, oryginalny styl,\u00a0przez fan\u00f3w uwielbiany za szczero\u015b\u0107 i bezpo\u015brednio\u015b\u0107.\u00a0Autor tekst\u00f3w, z kt\u00f3rych wiele zapisa\u0142o si\u0119 w historii polskiego hip hopu jako z\u0142ote wersy, kt\u00f3re powtarzaj\u0105 ca\u0142e\u00a0pokolenia.\u00a0<\/span><\/p>\n<p class=\"p1\"><span style=\"color: #e0e0e0;\">Podczas koncertu us\u0142yszycie tak\u017ce utwory, w kt\u00f3rych <strong>Joka<\/strong> wyst\u0105pi\u0142 go\u015bcinnie. \u015awietne featuringi wykonane przez samych autor\u00f3w, znakomitych polskich MC. <\/span><\/p>\n<h3><span style=\"color: #ffc700;\">Na scenie pojawi\u0105 si\u0119 m.in:\u00a0<\/span><\/h3>\n<p>&nbsp;<\/p>\n<h3 class=\"p1\"><span style=\"color: #e0e0e0;\"><b>abradab<\/b>, O.S.T.R., Molesta Ewenement, DJ FEEL-X, Mioush, PIH, L.U.C., Dj Eprom, Gutek, Jajonasz, K2, Kleszcz, Skorup, CNE, WSZ, Michalina oraz KAZIK. Kolejne og\u0142oszenia go\u015bci wkr\u00f3tce!<\/span><\/h3>\n<p>&nbsp;<\/p>\n<p class=\"p1\"><span style=\"color: #e0e0e0;\">Czeka nas wyj\u0105tkowy wiecz\u00f3r ze specjalnie przygotowan\u0105 opraw\u0105 multimedialn\u0105, <span class=\"s1\">archiwalne zdj\u0119cia oraz filmy zespo\u0142u <strong>Kaliber 44<\/strong>.\u00a0<strong>Joka na zawsze w naszych sercach. <\/strong>Dla m\u0142odzie\u017cy do lat 18 wprowadzamy bilety ulgowe.<\/span><\/span><\/p>\n<h5 class=\"p2\" style=\"text-align: center;\"><span style=\"color: #ffc700;\"><strong>B\u0105d\u017acie z nami, spotykamy si\u0119 \u017ceby po\u017cegna\u0107 legend\u0119!<\/strong><\/span><\/h5>\n<\/div>\n            <\/div>\n            <div class=\"col-lg-12\">\n                <div class=\"text-image-block__image\">\n                                            <div class=\"text-image-block__imageImg\">\n                            <img loading=\"lazy\" decoding=\"async\" width=\"900\" height=\"1600\" src=\"https:\/\/www.ebilet.pl\/now\/app\/uploads\/2025\/09\/joka_poprawiony_aktualny.jpg\" class=\"attachment-full size-full\" alt=\"\" srcset=\"https:\/\/www.ebilet.pl\/now\/app\/uploads\/2025\/09\/joka_poprawiony_aktualny.jpg 900w, https:\/\/www.ebilet.pl\/now\/app\/uploads\/2025\/09\/joka_poprawiony_aktualny-576x1024.jpg 576w, https:\/\/www.ebilet.pl\/now\/app\/uploads\/2025\/09\/joka_poprawiony_aktualny-864x1536.jpg 864w, https:\/\/www.ebilet.pl\/now\/app\/uploads\/2025\/09\/joka_poprawiony_aktualny-500x889.jpg 500w, https:\/\/www.ebilet.pl\/now\/app\/uploads\/2025\/09\/joka_poprawiony_aktualny-632x1124.jpg 632w\" sizes=\"(max-width: 900px) 100vw, 900px\" \/>                        <\/div>\n                                                        <\/div>\n            <\/div>\n        <\/div>\n    <\/div>\n<\/section>\n\n\n<section class=\"banner banner--layout-default section-margin-64\" id=\"bilety\" >\n    <div class=\"container\">\n        <div class=\"row\">\n            <div class=\"col-24\">\n                <div class=\"banner__wrapper\">\n                                        <div class=\"banner__bg\">\n                        <img loading=\"lazy\" decoding=\"async\" width=\"1280\" height=\"300\" src=\"https:\/\/www.ebilet.pl\/now\/app\/uploads\/2025\/08\/fest_ek_06.jpg\" class=\"attachment-full size-full\" alt=\"\" srcset=\"https:\/\/www.ebilet.pl\/now\/app\/uploads\/2025\/08\/fest_ek_06.jpg 1280w, https:\/\/www.ebilet.pl\/now\/app\/uploads\/2025\/08\/fest_ek_06-1024x240.jpg 1024w, https:\/\/www.ebilet.pl\/now\/app\/uploads\/2025\/08\/fest_ek_06-500x117.jpg 500w, https:\/\/www.ebilet.pl\/now\/app\/uploads\/2025\/08\/fest_ek_06-632x148.jpg 632w\" sizes=\"(max-width: 1280px) 100vw, 1280px\" \/>                    <\/div>\n                                                            <div class=\"banner__icon\">\n                        <img loading=\"lazy\" decoding=\"async\" width=\"100\" height=\"100\" src=\"https:\/\/www.ebilet.pl\/now\/app\/uploads\/2025\/08\/logo-k4.png\" class=\"attachment-full size-full\" alt=\"\" \/>                    <\/div>\n                                                                                <div class=\"banner__text\">\n                        <div class=\"banner__title typo-h2 f-700\">Kaliber 44 - Tribute to Joka<\/div>\n                        <p class=\"banner__desc typo-14\">7 lutego 2026, Katowice, Spodek<\/p>\n                    <\/div>\n                                                            <div class=\"banner__link\">\n                        <a class=\"button button--theme-primary-yellow button--withIcon\" href=\"https:\/\/sklep.ebilet.pl\/aers\/454582087387709452\" rel=\"nofollow noopener\" target=\"_blank\">\n                            <p class=\"button__text typo-18\">Sprawd\u017a bilety ju\u017c dzi\u015b!<\/p>\n                                                        <div class=\"button__icon\"><img loading=\"lazy\" decoding=\"async\" width=\"30\" height=\"30\" src=\"https:\/\/www.ebilet.pl\/now\/app\/uploads\/2024\/01\/ticket-cinema-entertainment-coupon-discount-sale_30px.png\" class=\"attachment-full size-full\" alt=\"\" \/><\/div>\n                                                    <\/a>\n                    <\/div>\n                                                        <\/div>\n            <\/div>\n        <\/div>\n    <\/div>\n<\/section>\n\n<section class=\"gap-block  section-margin-56 section-margin-56\"><\/section>\n\n\n<style>\nbody {\n  background-image: url('https:\/\/www.ebilet.pl\/now\/app\/uploads\/2025\/09\/tribute_to_bckg.webp');\n  background-repeat: no-repeat;\n  background-attachment: fixed;\n  background-size: cover;\n}\n.banner__bg::before { \n    display: none;\n}\n.banner__bg::after {\n    display: none;\n}\n\n.text-image-block__content,\n.text-block__content {\n background-color: rgba(14, 34, 41, 0.55);\n  border: 2px solid black;\n  border-radius: 16px;\n  padding: 8px;\n}\n.social-widget {\n    display: none;\n  }\n<\/style>\n","protected":false},"excerpt":{"rendered":"","protected":false},"author":7,"featured_media":65180,"parent":47615,"menu_order":0,"comment_status":"closed","ping_status":"closed","template":"page-templates\/gutenberg-hero.php","meta":{"_acf_changed":false,"footnotes":""},"article_tag":[],"acf":[],"_links":{"self":[{"href":"https:\/\/www.ebilet.pl\/now\/wp-json\/wp\/v2\/pages\/64781"}],"collection":[{"href":"https:\/\/www.ebilet.pl\/now\/wp-json\/wp\/v2\/pages"}],"about":[{"href":"https:\/\/www.ebilet.pl\/now\/wp-json\/wp\/v2\/types\/page"}],"author":[{"embeddable":true,"href":"https:\/\/www.ebilet.pl\/now\/wp-json\/wp\/v2\/users\/7"}],"replies":[{"embeddable":true,"href":"https:\/\/www.ebilet.pl\/now\/wp-json\/wp\/v2\/comments?post=64781"}],"version-history":[{"count":4,"href":"https:\/\/www.ebilet.pl\/now\/wp-json\/wp\/v2\/pages\/64781\/revisions"}],"predecessor-version":[{"id":80826,"href":"https:\/\/www.ebilet.pl\/now\/wp-json\/wp\/v2\/pages\/64781\/revisions\/80826"}],"up":[{"embeddable":true,"href":"https:\/\/www.ebilet.pl\/now\/wp-json\/wp\/v2\/pages\/47615"}],"wp:featuredmedia":[{"embeddable":true,"href":"https:\/\/www.ebilet.pl\/now\/wp-json\/wp\/v2\/media\/65180"}],"wp:attachment":[{"href":"https:\/\/www.ebilet.pl\/now\/wp-json\/wp\/v2\/media?parent=64781"}],"wp:term":[{"taxonomy":"article_tag","embeddable":true,"href":"https:\/\/www.ebilet.pl\/now\/wp-json\/wp\/v2\/article_tag?post=64781"}],"curies":[{"name":"wp","href":"https:\/\/api.w.org\/{rel}","templated":true}]}}