{"id":64520,"date":"2025-08-28T09:40:06","date_gmt":"2025-08-28T08:40:06","guid":{"rendered":"https:\/\/www.ebilet.pl\/now\/?page_id=64520"},"modified":"2025-09-17T09:19:29","modified_gmt":"2025-09-17T08:19:29","slug":"pro8l3m","status":"publish","type":"page","link":"https:\/\/www.ebilet.pl\/now\/kampania\/pro8l3m\/","title":{"rendered":"PRO8L3M"},"content":{"rendered":"<section class=\"gap-block  section-margin-40 section-margin-40\"><\/section>\n\n\n<section class=\"image-block  section-margin-32\" >\n        <div class=\"container\">\n        <div class=\"row\">\n            <div class=\"col-24\">\n                                <div class=\"image-block__container\">\n                    <div class=\"image-block__wrapper\"><img loading=\"lazy\" decoding=\"async\" width=\"1200\" height=\"600\" src=\"https:\/\/www.ebilet.pl\/now\/app\/uploads\/2025\/09\/1200-x-600.webp\" class=\"attachment-full size-full\" alt=\"\" srcset=\"https:\/\/www.ebilet.pl\/now\/app\/uploads\/2025\/09\/1200-x-600.webp 1200w, https:\/\/www.ebilet.pl\/now\/app\/uploads\/2025\/09\/1200-x-600-1024x512.webp 1024w, https:\/\/www.ebilet.pl\/now\/app\/uploads\/2025\/09\/1200-x-600-500x250.webp 500w, https:\/\/www.ebilet.pl\/now\/app\/uploads\/2025\/09\/1200-x-600-632x316.webp 632w\" sizes=\"(max-width: 1200px) 100vw, 1200px\" \/><\/div>\n                                    <\/div>\n                            <\/div>\n        <\/div>\n    <\/div>\n<\/section>\n\n\n<section class=\"text-block  section-margin-40\" >\n    <div class=\"container\">\n        <div class=\"row\">\n            <div class=\"col-24\">\n                <div class=\"text-block__content\"><h1 style=\"text-align: left;\"><span style=\"color: #333333;\">Z mroku ku wolno\u015bci<\/span><\/h1>\n<p>&nbsp;<\/p>\n<p><span style=\"font-weight: 400; color: #333333;\">PRO8L3M to zjawisko obok kt\u00f3rego nie da si\u0119 przej\u015b\u0107 oboj\u0119tnie. Platynowe p\u0142yty, debiuty na jedynce OLIS-u, padaj\u0105ce serwery i wyprzedane najwi\u0119ksze hale koncertowe w Polsce \u2013 od czasu debiutu w 2013 roku Oskar\u00a0 i Steez konsekwentnie utrzymuj\u0105 si\u0119 w czo\u0142\u00f3wce polskiej sceny.<\/span><\/p>\n<p><span style=\"font-weight: 400; color: #333333;\">Z okazji swojego 10 wydawnictwa Oskar i Steez zapowiadaj\u0105 koncertow\u0105 rewolucj\u0119 i zapraszaj\u0105 na tras\u0119 EX UMBRA AD LIBERTATEM TOUR. Od strony muzycznej i wizualnej PRO8L3M przeciera ni\u0105 nowy szlak w historii zespo\u0142u. Jak robi\u0107 to furor\u0119! Zapraszamy Was do bycia \u015bwiadkami tego wydarzenia, a okazji b\u0119dzie kilka!<\/span><\/p>\n<p>&nbsp;<\/p>\n<h1 style=\"text-align: center;\"><span style=\"text-decoration: underline; color: #333333;\"><a style=\"color: #333333; text-decoration: underline;\" href=\"#bilety\">Sprawd\u017a bilety ju\u017c teraz!<\/a><\/span><\/h1>\n<\/div>\n            <\/div>\n        <\/div>\n    <\/div>\n<\/section>\n\n\n<section class=\"text-image-block  section-margin-32\" >\n    <div class=\"container\">\n        <div class=\"row\">\n            <div class=\"col-lg-12\">\n                <div class=\"text-image-block__content\"><h2><span style=\"color: #333333;\">Nowy kr\u0105\u017cek zobowi\u0105zuje&#8230;<\/span><\/h2>\n<p class=\"p1\"><span style=\"color: #333333;\">Od czasu \u015bwie\u017cego debiutu \u201eC30-C39\u201d, czyli ryzykownego gambitu kr\u00f3lewskiego, PRO8L3M zosta\u0142 wielokrotnie nagrodzony za swoje osi\u0105gni\u0119cia artystyczne. Po mikstejpie Art Brut si\u0119gaj\u0105cym do muzycznego kanonu PRL-u zesp\u00f3\u0142 zosta\u0142 okrzykni\u0119ty Artyst\u0105 Roku przez Aktivist, a \u201cGround Zero Mixtape\u201d sta\u0142 si\u0119 pierwszym w historii rapowym mixtape&#8217;em nagrodzonym Fryderykiem. Swoistym podsumowaniem dziesi\u0119ciu lat na scenie by\u0142 wydany w 2023 roku album \u201cPROXL3M\u201d. Duet nie spocz\u0105\u0142 jednak na jubileuszowych laurach.<\/span><\/p>\n<p class=\"p1\">\n<span style=\"color: #333333;\">Zapowiedziany na pa\u017adziernik 2025 \u201cEX UMBRA AD LIBERTATEM\u201d to bowiem powr\u00f3t do rapowych korzeni. Kilkana\u015bcie nowych utwor\u00f3w, mocne wersy Oskara i eklektyczne, oparte o nietuzinkowe sample bity Steeza s\u0105 esencj\u0105 surowej, klasycznej konwencji, w kt\u00f3rej tym razem us\u0142yszymy mniej abstrakcji, a wi\u0119cej prawdziwego \u017cycia.<\/span><\/p>\n<\/div>\n            <\/div>\n            <div class=\"col-lg-12\">\n                <div class=\"text-image-block__image\">\n                                            <div class=\"text-image-block__imageImg\">\n                            <img loading=\"lazy\" decoding=\"async\" width=\"500\" height=\"500\" src=\"https:\/\/www.ebilet.pl\/now\/app\/uploads\/2025\/09\/1080-x-1080.webp\" class=\"attachment-full size-full\" alt=\"\" srcset=\"https:\/\/www.ebilet.pl\/now\/app\/uploads\/2025\/09\/1080-x-1080.webp 500w, https:\/\/www.ebilet.pl\/now\/app\/uploads\/2025\/09\/1080-x-1080-150x150.webp 150w\" sizes=\"(max-width: 500px) 100vw, 500px\" \/>                        <\/div>\n                                                        <\/div>\n            <\/div>\n        <\/div>\n    <\/div>\n<\/section>\n\n\n<section class=\"banner banner--layout-default section-margin-32\" id=\"bilety\" >\n    <div class=\"container\">\n        <div class=\"row\">\n            <div class=\"col-24\">\n                <div class=\"banner__wrapper\">\n                                        <div class=\"banner__bg\">\n                        <img loading=\"lazy\" decoding=\"async\" width=\"1280\" height=\"300\" src=\"https:\/\/www.ebilet.pl\/now\/app\/uploads\/2025\/08\/fest_ek_04.jpg\" class=\"attachment-full size-full\" alt=\"\" srcset=\"https:\/\/www.ebilet.pl\/now\/app\/uploads\/2025\/08\/fest_ek_04.jpg 1280w, https:\/\/www.ebilet.pl\/now\/app\/uploads\/2025\/08\/fest_ek_04-1024x240.jpg 1024w, https:\/\/www.ebilet.pl\/now\/app\/uploads\/2025\/08\/fest_ek_04-500x117.jpg 500w, https:\/\/www.ebilet.pl\/now\/app\/uploads\/2025\/08\/fest_ek_04-632x148.jpg 632w\" sizes=\"(max-width: 1280px) 100vw, 1280px\" \/>                    <\/div>\n                                                                                                    <div class=\"banner__text\">\n                        <div class=\"banner__title typo-h2 f-700\">7 listopada &#8211; Wroc\u0142aw<\/div>\n                        <p class=\"banner__desc typo-14\">Hala Stulecia<\/p>\n                    <\/div>\n                                                            <div class=\"banner__link\">\n                        <a\n                            class=\"button button--theme-primary-yellow button--withIcon\"\n                            href=\"https:\/\/www.ebilet.pl\/muzyka\/hip-hop-rap\/pro8l3m?partner=revolume&#038;city=Wroc\u0142aw\"\n                        >\n                            <p class=\"button__text typo-18\">Kup bilety<\/p>\n                                                        <div class=\"button__icon\"><img loading=\"lazy\" decoding=\"async\" width=\"30\" height=\"30\" src=\"https:\/\/www.ebilet.pl\/now\/app\/uploads\/2024\/01\/ticket-cinema-entertainment-coupon-discount-sale_30px.png\" class=\"attachment-full size-full\" alt=\"\" \/><\/div>\n                                                    <\/a>\n                    <\/div>\n                                                        <\/div>\n            <\/div>\n        <\/div>\n    <\/div>\n<\/section>\n\n\n<section class=\"banner banner--layout-default section-margin-32\" >\n    <div class=\"container\">\n        <div class=\"row\">\n            <div class=\"col-24\">\n                <div class=\"banner__wrapper\">\n                                        <div class=\"banner__bg\">\n                        <img loading=\"lazy\" decoding=\"async\" width=\"1280\" height=\"300\" src=\"https:\/\/www.ebilet.pl\/now\/app\/uploads\/2025\/08\/fest_ek_04.jpg\" class=\"attachment-full size-full\" alt=\"\" srcset=\"https:\/\/www.ebilet.pl\/now\/app\/uploads\/2025\/08\/fest_ek_04.jpg 1280w, https:\/\/www.ebilet.pl\/now\/app\/uploads\/2025\/08\/fest_ek_04-1024x240.jpg 1024w, https:\/\/www.ebilet.pl\/now\/app\/uploads\/2025\/08\/fest_ek_04-500x117.jpg 500w, https:\/\/www.ebilet.pl\/now\/app\/uploads\/2025\/08\/fest_ek_04-632x148.jpg 632w\" sizes=\"(max-width: 1280px) 100vw, 1280px\" \/>                    <\/div>\n                                                                                                    <div class=\"banner__text\">\n                        <div class=\"banner__title typo-h2 f-700\">14 listopada &#8211; Krak\u00f3w<\/div>\n                        <p class=\"banner__desc typo-14\">Tauron Arena<\/p>\n                    <\/div>\n                                                            <div class=\"banner__link\">\n                        <a\n                            class=\"button button--theme-primary-yellow button--withIcon\"\n                            href=\"https:\/\/www.ebilet.pl\/muzyka\/hip-hop-rap\/pro8l3m?partner=revolume&#038;city=Krak\u00f3w\"\n                        >\n                            <p class=\"button__text typo-18\">Kup bilety<\/p>\n                                                        <div class=\"button__icon\"><img loading=\"lazy\" decoding=\"async\" width=\"30\" height=\"30\" src=\"https:\/\/www.ebilet.pl\/now\/app\/uploads\/2024\/01\/ticket-cinema-entertainment-coupon-discount-sale_30px.png\" class=\"attachment-full size-full\" alt=\"\" \/><\/div>\n                                                    <\/a>\n                    <\/div>\n                                                        <\/div>\n            <\/div>\n        <\/div>\n    <\/div>\n<\/section>\n\n\n<section class=\"banner banner--layout-default section-margin-32\" >\n    <div class=\"container\">\n        <div class=\"row\">\n            <div class=\"col-24\">\n                <div class=\"banner__wrapper\">\n                                        <div class=\"banner__bg\">\n                        <img loading=\"lazy\" decoding=\"async\" width=\"1280\" height=\"300\" src=\"https:\/\/www.ebilet.pl\/now\/app\/uploads\/2025\/08\/fest_ek_04.jpg\" class=\"attachment-full size-full\" alt=\"\" srcset=\"https:\/\/www.ebilet.pl\/now\/app\/uploads\/2025\/08\/fest_ek_04.jpg 1280w, https:\/\/www.ebilet.pl\/now\/app\/uploads\/2025\/08\/fest_ek_04-1024x240.jpg 1024w, https:\/\/www.ebilet.pl\/now\/app\/uploads\/2025\/08\/fest_ek_04-500x117.jpg 500w, https:\/\/www.ebilet.pl\/now\/app\/uploads\/2025\/08\/fest_ek_04-632x148.jpg 632w\" sizes=\"(max-width: 1280px) 100vw, 1280px\" \/>                    <\/div>\n                                                                                                    <div class=\"banner__text\">\n                        <div class=\"banner__title typo-h2 f-700\">21 listopada &#8211; Pozna\u0144<\/div>\n                        <p class=\"banner__desc typo-14\">MTP Pawilon 5<\/p>\n                    <\/div>\n                                                            <div class=\"banner__link\">\n                        <a\n                            class=\"button button--theme-primary-yellow button--withIcon\"\n                            href=\"https:\/\/www.ebilet.pl\/muzyka\/hip-hop-rap\/pro8l3m?partner=revolume&#038;city=Pozna\u0144\"\n                        >\n                            <p class=\"button__text typo-18\">Kup bilety<\/p>\n                                                        <div class=\"button__icon\"><img loading=\"lazy\" decoding=\"async\" width=\"30\" height=\"30\" src=\"https:\/\/www.ebilet.pl\/now\/app\/uploads\/2024\/01\/ticket-cinema-entertainment-coupon-discount-sale_30px.png\" class=\"attachment-full size-full\" alt=\"\" \/><\/div>\n                                                    <\/a>\n                    <\/div>\n                                                        <\/div>\n            <\/div>\n        <\/div>\n    <\/div>\n<\/section>\n\n\n<section class=\"banner banner--layout-default section-margin-32\" >\n    <div class=\"container\">\n        <div class=\"row\">\n            <div class=\"col-24\">\n                <div class=\"banner__wrapper\">\n                                        <div class=\"banner__bg\">\n                        <img loading=\"lazy\" decoding=\"async\" width=\"1280\" height=\"300\" src=\"https:\/\/www.ebilet.pl\/now\/app\/uploads\/2025\/08\/fest_ek_04.jpg\" class=\"attachment-full size-full\" alt=\"\" srcset=\"https:\/\/www.ebilet.pl\/now\/app\/uploads\/2025\/08\/fest_ek_04.jpg 1280w, https:\/\/www.ebilet.pl\/now\/app\/uploads\/2025\/08\/fest_ek_04-1024x240.jpg 1024w, https:\/\/www.ebilet.pl\/now\/app\/uploads\/2025\/08\/fest_ek_04-500x117.jpg 500w, https:\/\/www.ebilet.pl\/now\/app\/uploads\/2025\/08\/fest_ek_04-632x148.jpg 632w\" sizes=\"(max-width: 1280px) 100vw, 1280px\" \/>                    <\/div>\n                                                                                                    <div class=\"banner__text\">\n                        <div class=\"banner__title typo-h2 f-700\">29 listopada &#8211; Katowice<\/div>\n                        <p class=\"banner__desc typo-14\">Mi\u0119dzynarodowe Centrum Kongresowe<\/p>\n                    <\/div>\n                                                            <div class=\"banner__link\">\n                        <a\n                            class=\"button button--theme-primary-yellow button--withIcon\"\n                            href=\"https:\/\/www.ebilet.pl\/muzyka\/hip-hop-rap\/pro8l3m?partner=revolume&#038;city=Katowice\"\n                        >\n                            <p class=\"button__text typo-18\">Kup bilety<\/p>\n                                                        <div class=\"button__icon\"><img loading=\"lazy\" decoding=\"async\" width=\"30\" height=\"30\" src=\"https:\/\/www.ebilet.pl\/now\/app\/uploads\/2024\/01\/ticket-cinema-entertainment-coupon-discount-sale_30px.png\" class=\"attachment-full size-full\" alt=\"\" \/><\/div>\n                                                    <\/a>\n                    <\/div>\n                                                        <\/div>\n            <\/div>\n        <\/div>\n    <\/div>\n<\/section>\n\n\n<section class=\"banner banner--layout-default section-margin-32\" >\n    <div class=\"container\">\n        <div class=\"row\">\n            <div class=\"col-24\">\n                <div class=\"banner__wrapper\">\n                                        <div class=\"banner__bg\">\n                        <img loading=\"lazy\" decoding=\"async\" width=\"1280\" height=\"300\" src=\"https:\/\/www.ebilet.pl\/now\/app\/uploads\/2025\/08\/fest_ek_04.jpg\" class=\"attachment-full size-full\" alt=\"\" srcset=\"https:\/\/www.ebilet.pl\/now\/app\/uploads\/2025\/08\/fest_ek_04.jpg 1280w, https:\/\/www.ebilet.pl\/now\/app\/uploads\/2025\/08\/fest_ek_04-1024x240.jpg 1024w, https:\/\/www.ebilet.pl\/now\/app\/uploads\/2025\/08\/fest_ek_04-500x117.jpg 500w, https:\/\/www.ebilet.pl\/now\/app\/uploads\/2025\/08\/fest_ek_04-632x148.jpg 632w\" sizes=\"(max-width: 1280px) 100vw, 1280px\" \/>                    <\/div>\n                                                                                                    <div class=\"banner__text\">\n                        <div class=\"banner__title typo-h2 f-700\">6 grudnia &#8211; Gda\u0144sk\/Sopot<\/div>\n                        <p class=\"banner__desc typo-14\">Ergo Arena<\/p>\n                    <\/div>\n                                                            <div class=\"banner__link\">\n                        <a\n                            class=\"button button--theme-primary-yellow button--withIcon\"\n                            href=\"https:\/\/www.ebilet.pl\/muzyka\/hip-hop-rap\/pro8l3m?partner=revolume&#038;city=Gda\u0144sk\/Sopot\"\n                        >\n                            <p class=\"button__text typo-18\">Kup bilety<\/p>\n                                                        <div class=\"button__icon\"><img loading=\"lazy\" decoding=\"async\" width=\"30\" height=\"30\" src=\"https:\/\/www.ebilet.pl\/now\/app\/uploads\/2024\/01\/ticket-cinema-entertainment-coupon-discount-sale_30px.png\" class=\"attachment-full size-full\" alt=\"\" \/><\/div>\n                                                    <\/a>\n                    <\/div>\n                                                        <\/div>\n            <\/div>\n        <\/div>\n    <\/div>\n<\/section>\n\n\n<section class=\"banner banner--layout-default section-margin-80\" >\n    <div class=\"container\">\n        <div class=\"row\">\n            <div class=\"col-24\">\n                <div class=\"banner__wrapper\">\n                                        <div class=\"banner__bg\">\n                        <img loading=\"lazy\" decoding=\"async\" width=\"1280\" height=\"300\" src=\"https:\/\/www.ebilet.pl\/now\/app\/uploads\/2025\/08\/fest_ek_04.jpg\" class=\"attachment-full size-full\" alt=\"\" srcset=\"https:\/\/www.ebilet.pl\/now\/app\/uploads\/2025\/08\/fest_ek_04.jpg 1280w, https:\/\/www.ebilet.pl\/now\/app\/uploads\/2025\/08\/fest_ek_04-1024x240.jpg 1024w, https:\/\/www.ebilet.pl\/now\/app\/uploads\/2025\/08\/fest_ek_04-500x117.jpg 500w, https:\/\/www.ebilet.pl\/now\/app\/uploads\/2025\/08\/fest_ek_04-632x148.jpg 632w\" sizes=\"(max-width: 1280px) 100vw, 1280px\" \/>                    <\/div>\n                                                                                                    <div class=\"banner__text\">\n                        <div class=\"banner__title typo-h2 f-700\">12 grudnia &#8211; Warszawa<\/div>\n                        <p class=\"banner__desc typo-14\">COS Torwar<\/p>\n                    <\/div>\n                                                            <div class=\"banner__link\">\n                        <a\n                            class=\"button button--theme-primary-yellow button--withIcon\"\n                            href=\"https:\/\/www.ebilet.pl\/muzyka\/hip-hop-rap\/pro8l3m?partner=revolume&#038;city=Warszawa\"\n                        >\n                            <p class=\"button__text typo-18\">Kup bilety<\/p>\n                                                        <div class=\"button__icon\"><img loading=\"lazy\" decoding=\"async\" width=\"30\" height=\"30\" src=\"https:\/\/www.ebilet.pl\/now\/app\/uploads\/2024\/01\/ticket-cinema-entertainment-coupon-discount-sale_30px.png\" class=\"attachment-full size-full\" alt=\"\" \/><\/div>\n                                                    <\/a>\n                    <\/div>\n                                                        <\/div>\n            <\/div>\n        <\/div>\n    <\/div>\n<\/section>\n\n\n<section class=\"text-block  section-margin-32\" >\n    <div class=\"container\">\n        <div class=\"row\">\n            <div class=\"col-24\">\n                <div class=\"text-block__content\"><h2><span style=\"color: #333333;\"><b>EX UMBRA AD LIBERTATEM TOUR &#8211; najcz\u0119\u015bciej zadawane pytania<\/b><\/span><\/h2>\n<p><span style=\"font-weight: 400; color: #333333;\">Po nabyciu biletu osoby kupuj\u0105ce otrzymaj\u0105 potwierdzenie transakcji. Bilety zostan\u0105 wygenerowane i wys\u0142ane na adres podany podczas sk\u0142adania zam\u00f3wienia.<\/span><\/p>\n<p>&nbsp;<\/p>\n<h3><span style=\"color: #333333;\"><b>Zasady uczestnictwa:<\/b><\/span><\/h3>\n<p><span style=\"font-weight: 400; color: #333333;\">\u2212 Osoby, kt\u00f3re nie uko\u0144czy\u0142y 16 roku \u017cycia mog\u0105 uczestniczy\u0107 w wydarzeniu tylko pod opiek\u0105 rodzica, opiekuna prawnego lub upowa\u017cnionej pisemnie przez rodzica lub opiekuna prawnego osoby pe\u0142noletniej.<\/span><\/p>\n<p><span style=\"font-weight: 400; color: #333333;\">\u2212 Osoby ma\u0142oletnie pomi\u0119dzy 16 a 18 rokiem \u017cycia mog\u0105 samodzielnie uczestniczy\u0107 w koncercie pod warunkiem okazania na wej\u015bciu na wydarzenie czytelnie wype\u0142nionego i podpisanego przez rodzic\u00f3w lub opiekun\u00f3w prawnych formularza zgody. Wz\u00f3r formularza zgody dost\u0119pny jest na stronie:\u00a0<span style=\"text-decoration: underline;\"><a class=\"c-link\" style=\"color: #333333; text-decoration: underline;\" href=\"https:\/\/www.revolume.pl\/documents\/pisemna-zgoda--oswiadczenie-rodzicow-opiekunow.pdf\" target=\"_blank\" rel=\"noopener nofollow\" data-stringify-link=\"https:\/\/www.revolume.pl\/documents\/pisemna-zgoda--oswiadczenie-rodzicow-opiekunow.pdf\" data-sk=\"tooltip_parent\"><strong>Formularz zgody<\/strong><\/a><\/span><\/span><\/p>\n<p><span style=\"font-weight: 400; color: #333333;\">\u2212 Zar\u00f3wno osoba z niepe\u0142nosprawno\u015bci\u0105, jak i jej opiekun lub osoba towarzysz\u0105ca, musz\u0105 zakupi\u0107 bilet na wydarzenie. W celu zakupu biletu dla OzN prosimy o kontakt poprzez formularz kontaktowy:\u00a0 <span style=\"text-decoration: underline;\"><strong><a class=\"c-link\" style=\"color: #333333; text-decoration: underline;\" href=\"https:\/\/www.ebilet.pl\/kontakt\" target=\"_blank\" rel=\"noopener noreferrer\" data-stringify-link=\"https:\/\/www.ebilet.pl\/kontakt\" data-sk=\"tooltip_parent\">formularz kontaktowy<\/a><\/strong><\/span>. Nale\u017cy mie\u0107 przy sobie dokument potwierdzaj\u0105cy status OzN (legitymacja lub orzeczenie z dokumentem ze zdj\u0119ciem potwierdzaj\u0105cym to\u017csamo\u015b\u0107).<\/span><\/p>\n<p><span style=\"font-weight: 400; color: #333333;\">\u2212 Ka\u017cdy uczestnik wydarzenia musi posiada\u0107 wa\u017cny bilet.<\/span><\/p>\n<p><span style=\"color: #333333;\"><strong>Wszystkie bilety s\u0105 personalizowane<\/strong> &#8211; oznacza to, \u017ce podczas sk\u0142adania zam\u00f3wienia nale\u017cy obowi\u0105zkowo poda\u0107 imi\u0119 i nazwisko ka\u017cdego uczestnika. Imi\u0119 i nazwisko ka\u017cdego z uczestnik\u00f3w koncertu zostanie wydrukowany na bilecie.<\/span><\/p>\n<p><span style=\"color: #333333;\"><strong>Bilety b\u0119d\u0105 sprawdzane przy wej\u015bciu na koncert<\/strong>, aby por\u00f3wna\u0107, czy dane zamieszczone na bilecie odpowiadaj\u0105 danym zawartym w dokumencie to\u017csamo\u015bci uczestnika. Mo\u017cliwa jest jednokrotna zmiana danych na bilecie poprzez formularz dost\u0119pny pod <span style=\"text-decoration: underline;\"><strong><a style=\"color: #333333; text-decoration: underline;\" href=\"https:\/\/sklep.ebilet.pl\/changetickets\" rel=\"nofollow noopener\" target=\"_blank\">TYM linkiem.<\/a><\/strong><\/span><\/span><\/p>\n<p><span style=\"color: #333333;\">Koszt zmiany danych to: <strong>50z\u0142\/ 1 bilet.\u00a0<\/strong><\/span><\/p>\n<p><span style=\"font-weight: 400; color: #333333;\">Pe\u0142na tre\u015b\u0107 regulaminu dost\u0119pna jest do pobrania pod tym linkiem: <span style=\"text-decoration: underline;\"><strong><a style=\"color: #333333; text-decoration: underline;\" href=\"https:\/\/www.ebilet.pl\/now\/app\/uploads\/2025\/09\/Regulamin_Revolume_AK_-1.pdf\" target=\"_blank\" rel=\"noopener\">Regulamin\u00a02025<\/a><\/strong><\/span><\/span><\/p>\n<p><span style=\"font-weight: 400; color: #333333;\">Najcz\u0119\u015bciej zadawane pytania dost\u0119pne pod tym linkiem: <span style=\"text-decoration: underline;\"><a style=\"color: #333333; text-decoration: underline;\" href=\"https:\/\/www.ebilet.pl\/now\/app\/uploads\/2025\/09\/PRO8L3M-EX-UMBRA-AD-LIBERTATEM-TOUR-faq.pdf\"><strong>FAQ 2025<\/strong><\/a><\/span><\/span><\/p>\n<\/div>\n            <\/div>\n        <\/div>\n    <\/div>\n<\/section>\n\n<section class=\"gap-block  section-margin-64 section-margin-64\"><\/section>\n\n\n<style>\nbody {\n  background-image: url('https:\/\/www.ebilet.pl\/now\/app\/uploads\/2025\/09\/background-prblm2.webp');\n  background-repeat: no-repeat;\n  background-attachment: fixed;\n  background-size: cover;\n  background-position: center center;}\n\n.banner__bg::before { \n    display: none;\n}\n.banner__bg::after {\n    display: none;\n}\n<\/style>\n","protected":false},"excerpt":{"rendered":"","protected":false},"author":7,"featured_media":65257,"parent":47615,"menu_order":0,"comment_status":"closed","ping_status":"closed","template":"page-templates\/gutenberg-hero.php","meta":{"_acf_changed":false,"footnotes":""},"article_tag":[],"acf":[],"_links":{"self":[{"href":"https:\/\/www.ebilet.pl\/now\/wp-json\/wp\/v2\/pages\/64520"}],"collection":[{"href":"https:\/\/www.ebilet.pl\/now\/wp-json\/wp\/v2\/pages"}],"about":[{"href":"https:\/\/www.ebilet.pl\/now\/wp-json\/wp\/v2\/types\/page"}],"author":[{"embeddable":true,"href":"https:\/\/www.ebilet.pl\/now\/wp-json\/wp\/v2\/users\/7"}],"replies":[{"embeddable":true,"href":"https:\/\/www.ebilet.pl\/now\/wp-json\/wp\/v2\/comments?post=64520"}],"version-history":[{"count":4,"href":"https:\/\/www.ebilet.pl\/now\/wp-json\/wp\/v2\/pages\/64520\/revisions"}],"predecessor-version":[{"id":67760,"href":"https:\/\/www.ebilet.pl\/now\/wp-json\/wp\/v2\/pages\/64520\/revisions\/67760"}],"up":[{"embeddable":true,"href":"https:\/\/www.ebilet.pl\/now\/wp-json\/wp\/v2\/pages\/47615"}],"wp:featuredmedia":[{"embeddable":true,"href":"https:\/\/www.ebilet.pl\/now\/wp-json\/wp\/v2\/media\/65257"}],"wp:attachment":[{"href":"https:\/\/www.ebilet.pl\/now\/wp-json\/wp\/v2\/media?parent=64520"}],"wp:term":[{"taxonomy":"article_tag","embeddable":true,"href":"https:\/\/www.ebilet.pl\/now\/wp-json\/wp\/v2\/article_tag?post=64520"}],"curies":[{"name":"wp","href":"https:\/\/api.w.org\/{rel}","templated":true}]}}